{"id":723,"date":"2026-03-07T11:14:16","date_gmt":"2026-03-07T11:14:16","guid":{"rendered":"https:\/\/ostrelgroup.com\/?page_id=723"},"modified":"2026-03-19T16:10:12","modified_gmt":"2026-03-19T16:10:12","slug":"industrial","status":"publish","type":"page","link":"https:\/\/ostrelgroup.com\/hr\/industrial\/","title":{"rendered":"Industrija"},"content":{"rendered":"<div data-elementor-type=\"wp-page\" data-elementor-id=\"723\" class=\"elementor elementor-723\">\n\t\t\t\t<div class=\"elementor-element elementor-element-1f887309 animated-slow elementor-hidden-mobile e-flex e-con-boxed e-con e-parent\" data-id=\"1f887309\" data-element_type=\"container\" data-e-type=\"container\" data-settings=\"{&quot;background_background&quot;:&quot;gradient&quot;,&quot;animation&quot;:&quot;none&quot;,&quot;animation_delay&quot;:6}\">\n\t\t\t\t\t<div class=\"e-con-inner\">\n\t\t<div class=\"elementor-element elementor-element-f9e35e0 e-con-full e-flex e-con e-child\" data-id=\"f9e35e0\" data-element_type=\"container\" data-e-type=\"container\">\n\t\t\t\t<div class=\"elementor-element elementor-element-283d5bd elementor-widget elementor-widget-heading\" data-id=\"283d5bd\" data-element_type=\"widget\" data-e-type=\"widget\" data-widget_type=\"heading.default\">\n\t\t\t\t\t<h2 class=\"elementor-heading-title elementor-size-default\">Industrija<\/h2>\t\t\t\t<\/div>\n\t\t\t\t<\/div>\n\t\t<div class=\"elementor-element elementor-element-2ed16b8 e-con-full e-flex e-con e-child\" data-id=\"2ed16b8\" data-element_type=\"container\" data-e-type=\"container\">\n\t\t\t\t<div class=\"elementor-element elementor-element-7e9b109 elementor-widget__width-initial elementor-widget elementor-widget-image\" data-id=\"7e9b109\" data-element_type=\"widget\" data-e-type=\"widget\" data-widget_type=\"image.default\">\n\t\t\t\t\t\t\t\t\t\t\t\t\t\t\t<img fetchpriority=\"high\" decoding=\"async\" width=\"1024\" height=\"701\" src=\"https:\/\/ostrelgroup.com\/wp-content\/uploads\/2026\/03\/Switchgear-Industrial-2-1024x701.png\" class=\"attachment-large size-large wp-image-747\" alt=\"\" srcset=\"https:\/\/ostrelgroup.com\/wp-content\/uploads\/2026\/03\/Switchgear-Industrial-2-1024x701.png 1024w, https:\/\/ostrelgroup.com\/wp-content\/uploads\/2026\/03\/Switchgear-Industrial-2-300x205.png 300w, https:\/\/ostrelgroup.com\/wp-content\/uploads\/2026\/03\/Switchgear-Industrial-2-768x525.png 768w, https:\/\/ostrelgroup.com\/wp-content\/uploads\/2026\/03\/Switchgear-Industrial-2-18x12.png 18w, https:\/\/ostrelgroup.com\/wp-content\/uploads\/2026\/03\/Switchgear-Industrial-2.png 1216w\" sizes=\"(max-width: 1024px) 100vw, 1024px\" \/>\t\t\t\t\t\t\t\t\t\t\t\t\t\t\t<\/div>\n\t\t\t\t<\/div>\n\t\t\t\t\t<\/div>\n\t\t\t\t<\/div>\n\t\t<div class=\"elementor-element elementor-element-2282d6b animated-slow elementor-hidden-desktop elementor-hidden-tablet e-flex e-con-boxed e-con e-parent\" data-id=\"2282d6b\" data-element_type=\"container\" data-e-type=\"container\" data-settings=\"{&quot;background_background&quot;:&quot;classic&quot;,&quot;animation&quot;:&quot;none&quot;,&quot;animation_delay&quot;:6}\">\n\t\t\t\t\t<div class=\"e-con-inner\">\n\t\t<div class=\"elementor-element elementor-element-9aacfba e-con-full e-flex e-con e-child\" data-id=\"9aacfba\" data-element_type=\"container\" data-e-type=\"container\">\n\t\t\t\t<div class=\"elementor-element elementor-element-0e8f796 elementor-widget elementor-widget-heading\" data-id=\"0e8f796\" data-element_type=\"widget\" data-e-type=\"widget\" data-widget_type=\"heading.default\">\n\t\t\t\t\t<h2 class=\"elementor-heading-title elementor-size-default\">Industrija<\/h2>\t\t\t\t<\/div>\n\t\t\t\t<\/div>\n\t\t<div class=\"elementor-element elementor-element-c439d33 e-con-full e-flex e-con e-child\" data-id=\"c439d33\" data-element_type=\"container\" data-e-type=\"container\">\n\t\t\t\t<div class=\"elementor-element elementor-element-a74205b elementor-widget__width-initial elementor-widget elementor-widget-image\" data-id=\"a74205b\" data-element_type=\"widget\" data-e-type=\"widget\" data-widget_type=\"image.default\">\n\t\t\t\t\t\t\t\t\t\t\t\t\t\t\t<img fetchpriority=\"high\" decoding=\"async\" width=\"1024\" height=\"701\" src=\"https:\/\/ostrelgroup.com\/wp-content\/uploads\/2026\/03\/Switchgear-Industrial-2-1024x701.png\" class=\"attachment-large size-large wp-image-747\" alt=\"\" srcset=\"https:\/\/ostrelgroup.com\/wp-content\/uploads\/2026\/03\/Switchgear-Industrial-2-1024x701.png 1024w, https:\/\/ostrelgroup.com\/wp-content\/uploads\/2026\/03\/Switchgear-Industrial-2-300x205.png 300w, https:\/\/ostrelgroup.com\/wp-content\/uploads\/2026\/03\/Switchgear-Industrial-2-768x525.png 768w, https:\/\/ostrelgroup.com\/wp-content\/uploads\/2026\/03\/Switchgear-Industrial-2-18x12.png 18w, https:\/\/ostrelgroup.com\/wp-content\/uploads\/2026\/03\/Switchgear-Industrial-2.png 1216w\" sizes=\"(max-width: 1024px) 100vw, 1024px\" \/>\t\t\t\t\t\t\t\t\t\t\t\t\t\t\t<\/div>\n\t\t\t\t<\/div>\n\t\t\t\t\t<\/div>\n\t\t\t\t<\/div>\n\t\t<div class=\"elementor-element elementor-element-3e857b14 e-flex e-con-boxed e-con e-parent\" data-id=\"3e857b14\" data-element_type=\"container\" data-e-type=\"container\">\n\t\t\t\t\t<div class=\"e-con-inner\">\n\t\t\t\t<div class=\"elementor-element elementor-element-176dfc88 elementor-widget elementor-widget-spacer\" data-id=\"176dfc88\" data-element_type=\"widget\" data-e-type=\"widget\" data-widget_type=\"spacer.default\">\n\t\t\t\t\t\t\t<div class=\"elementor-spacer\">\n\t\t\t<div class=\"elementor-spacer-inner\"><\/div>\n\t\t<\/div>\n\t\t\t\t\t\t<\/div>\n\t\t\t\t\t<\/div>\n\t\t\t\t<\/div>\n\t\t<div class=\"elementor-element elementor-element-1c9db5e e-flex e-con-boxed e-con e-parent\" data-id=\"1c9db5e\" data-element_type=\"container\" data-e-type=\"container\">\n\t\t\t\t\t<div class=\"e-con-inner\">\n\t\t<div class=\"elementor-element elementor-element-48649e6 e-con-full e-flex e-con e-child\" data-id=\"48649e6\" data-element_type=\"container\" data-e-type=\"container\">\n\t\t\t\t<div class=\"elementor-element elementor-element-0f3e26e elementor-widget elementor-widget-heading\" data-id=\"0f3e26e\" data-element_type=\"widget\" data-e-type=\"widget\" data-widget_type=\"heading.default\">\n\t\t\t\t\t<h3 class=\"elementor-heading-title elementor-size-default\">Industrijska Niskonaponska Oprema za Razvod Elektri\u010dne Energije<\/h3>\t\t\t\t<\/div>\n\t\t\t\t<div class=\"elementor-element elementor-element-30f970d elementor-widget elementor-widget-text-editor\" data-id=\"30f970d\" data-element_type=\"widget\" data-e-type=\"widget\" data-widget_type=\"text-editor.default\">\n\t\t\t\t\t\t\t\t\t<p data-start=\"655\" data-end=\"915\">Pouzdana niskonaponska distribucijska infrastruktura klju\u010dna je za komercijalne objekte, industrijska postrojenja i energetske sustave.\n\nIndustrijski asortiman Proteus obuhva\u0107a robusna rje\u0161enja sklopne i razvodne opreme, projektirana za zahtjevne elektroinstalacije.<\/p><p data-start=\"917\" data-end=\"1171\">Katalog obuhva\u0107a izbor <strong data-start=\"957\" data-end=\"1073\">iskonaponskih razvodnih ormara, MCCB razvodnih polja, trofaznih razvodnih plo\u010da, za\u0161titnih ure\u0111aja i industrijskih ku\u0107i\u0161ta<\/strong> koji se koriste za distribuciju elektri\u010dne energije i za\u0161titu strujnih krugova u komercijalnim i industrijskim primjenama.<\/p><p data-start=\"1173\" data-end=\"1398\">Oprema Proteus projektirana je i proizvedena u skladu s priznatim <strong data-start=\"1250\" data-end=\"1322\">IEC i EN standardima za niskonaponske sustave<\/strong>, \u010dime je osigurana uskla\u0111enost s europskim zahtjevima za elektroinstalacije.<\/p><p>Provjerite na\u0161 katalog za:<\/p><p>Niskonaponske razvodne ormare<\/p><p data-start=\"1119\" data-end=\"1137\">MCCB razvodne plo\u010de<\/p><p data-start=\"1140\" data-end=\"1173\">Trofazne razvodne plo\u010de<\/p><p data-start=\"1176\" data-end=\"1214\">Kompaktne prekida\u010de (MCCB)<\/p><p data-start=\"1217\" data-end=\"1252\">Preklopne sklopke i rastavlja\u010de<\/p><p data-start=\"1255\" data-end=\"1272\">Sabirni\u010dke sustave<\/p><p data-start=\"1275\" data-end=\"1307\">Ure\u0111aje za za\u0161titu od prenapona (SPD)<\/p><p data-start=\"1310\" data-end=\"1342\">Industrijska ku\u0107i\u0161ta s IP za\u0161titom<\/p>\t\t\t\t\t\t\t\t<\/div>\n\t\t\t\t<\/div>\n\t\t<div class=\"elementor-element elementor-element-239123b e-con-full e-flex e-con e-child\" data-id=\"239123b\" data-element_type=\"container\" data-e-type=\"container\">\n\t\t\t\t<div class=\"elementor-element elementor-element-f885afd elementor-widget elementor-widget-embedpress_pdf\" data-id=\"f885afd\" data-element_type=\"widget\" data-e-type=\"widget\" data-widget_type=\"embedpress_pdf.default\">\n\t\t\t\t<div class=\"elementor-widget-container\">\n\t\t\t\t\t    <div class=\"embedpress-document-embed ep-doc-3e1db6c05815f6ea4073dd7acf8d767a ose-document emebedpress-unit-percent\" data-thememode=\"default\" data-customcolor=\"\" data-toolbar=\"yes\" data-toolbar-position=\"top\" data-open=\"no\" data-presentation-mode=\"yes\" data-download=\"yes\" data-copy=\"yes\" data-add-image=\"yes\" data-rotate=\"yes\" data-details=\"yes\" data-id=\"embedpress-pdf-f885afd\" data-selection-tool=\"0\" data-scrolling=\"0\" data-spreads=\"-1\" style=\" max-width:100%; display: inline-block\">\n\n        \n                <div >\n\n                    <div id=\"ep-elementor-content-f885afd\" class=\"ep-elementor-content   ep-percentage-width   ep-content-protection-disabled\">\n                        <div id=\"f885afd\" class=\"ep-embed-content-wraper\">\n                            <div><iframe title=\"MP-477-Proteus-Industrial-Section.V.2.2-Web\" class=\"embedpress-embed-document-pdf embedpress-pdf-f885afd\" style=\"width: 600%!important;height: 824px;; max-width:100%; display: inline-block\" src=\"https:\/\/ostrelgroup.com\/wp-admin\/admin-ajax.php?action=get_viewer&#038;file=https%3A%2F%2Fostrelgroup.com%2Fwp-content%2Fuploads%2F2026%2F03%2FMP-477-Proteus-Industrial-Section.V.2.2-Web.pdf&#038;scrolling=0&#038;selection_tool=0&#038;spreads=-1#key=dGhlbWVNb2RlPWRlZmF1bHQmdG9vbGJhcj10cnVlJnBvc2l0aW9uPXRvcCZwcmVzZW50YXRpb249dHJ1ZSZsYXp5TG9hZD1mYWxzZSZkb3dubG9hZD10cnVlJmNvcHlfdGV4dD10cnVlJmFkZF90ZXh0PXRydWUmZHJhdz10cnVlJmFkZF9pbWFnZT10cnVlJnBkZl9yb3RhdGlvbj10cnVlJnBkZl9kZXRhaWxzPXRydWUmem9vbV9pbj10cnVlJnpvb21fb3V0PXRydWUmZml0X3ZpZXc9dHJ1ZSZib29rbWFyaz10cnVlJnNvdW5kPXRydWUmZmxpcGJvb2tfdG9vbGJhcl9wb3NpdGlvbj1ib3R0b20mc2VsZWN0aW9uX3Rvb2w9MCZzY3JvbGxpbmc9MCZzcHJlYWRzPS0xJmlzX3Byb19hY3RpdmU9MCZwYWdlTnVtYmVyPTEmd2F0ZXJtYXJrX3RleHQ9JndhdGVybWFya19mb250X3NpemU9NDgmd2F0ZXJtYXJrX2NvbG9yPSUyMzAwMDAwMCZ3YXRlcm1hcmtfb3BhY2l0eT0xNSZ3YXRlcm1hcmtfc3R5bGU9Y2VudGVy&#038;zoom=auto\" data-emid=\"embedpress-pdf-f885afd\" data-embed-type=\"PDF\" frameborder=\"0\"><\/iframe><\/div>                        <\/div>\n\n                    <\/div>\n\n\n                   \n                <\/div>\n            \n    <\/div>\n\n\t\t\t\t<\/div>\n\t\t\t\t<\/div>\n\t\t\t\t<\/div>\n\t\t\t\t\t<\/div>\n\t\t\t\t<\/div>\n\t\t<div class=\"elementor-element elementor-element-a824bb3 e-flex e-con-boxed e-con e-parent\" data-id=\"a824bb3\" data-element_type=\"container\" data-e-type=\"container\">\n\t\t\t\t\t<div class=\"e-con-inner\">\n\t\t\t\t<div class=\"elementor-element elementor-element-838068c elementor-widget elementor-widget-heading\" data-id=\"838068c\" data-element_type=\"widget\" data-e-type=\"widget\" data-widget_type=\"heading.default\">\n\t\t\t\t\t<h3 class=\"elementor-heading-title elementor-size-default\">Standardi i Tehni\u010dka Terminologija<\/h3>\t\t\t\t<\/div>\n\t\t\t\t<div class=\"elementor-element elementor-element-04e3f8f elementor-widget elementor-widget-text-editor\" data-id=\"04e3f8f\" data-element_type=\"widget\" data-e-type=\"widget\" data-widget_type=\"text-editor.default\">\n\t\t\t\t\t\t\t\t\t<p data-start=\"297\" data-end=\"562\">Oprema za razvod elektri\u010dne energije proizvodi se u skladu s me\u0111unarodno priznatim <strong data-start=\"387\" data-end=\"420\">IEC i europskim EN standardima<\/strong>. Ti standardi definiraju zahtjeve za projektiranje, ispitivanje i sigurnost niskonaponske sklopne opreme, za\u0161titnih ure\u0111aja i ku\u0107i\u0161ta.<\/p><p data-start=\"564\" data-end=\"764\">U Hrvatskoj se ovi standardi primjenjuju kroz <strong data-start=\"616\" data-end=\"651\">sustav HRN EN<\/strong>, \u0161to zna\u010di da su tehni\u010dki zahtjevi identi\u010dni, ali formalno uskla\u0111eni s nacionalnom regulativom.<\/p><p data-start=\"766\" data-end=\"816\">Relevantni standardi u na\u0161im proizvodima<\/p><p data-start=\"818\" data-end=\"928\"><strong data-start=\"818\" data-end=\"836\">IEC \/ EN 61439 (<em data-start=\"891\" data-end=\"928\">HRN EN 61439)<\/em><\/strong><br data-start=\"836\" data-end=\"839\" \/>Niskonaponski sklopni blokovi i razvodna postrojenja<br data-start=\"888\" data-end=\"891\" \/><br \/><\/p><p data-start=\"930\" data-end=\"1077\"><strong data-start=\"930\" data-end=\"948\">IEC \/ EN 60947 (<em data-start=\"1040\" data-end=\"1077\">HRN EN 60947)<\/em><\/strong><br data-start=\"948\" data-end=\"951\" \/>Niskonaponska sklopna oprema i upravlja\u010dki ure\u0111aji, uklju\u010duju\u0107i MCCB prekida\u010de<br data-start=\"1037\" data-end=\"1040\" \/><br \/><\/p><p data-start=\"1079\" data-end=\"1211\"><strong data-start=\"1079\" data-end=\"1097\">IEC \/ EN 60529 (<em data-start=\"1174\" data-end=\"1211\">HRN EN 60529)<\/em><\/strong><br data-start=\"1097\" data-end=\"1100\" \/>Stupnjevi za\u0161tite ku\u0107i\u0161ta (IP klasifikacija)<br data-start=\"1171\" data-end=\"1174\" \/><br \/><\/p><p data-start=\"1213\" data-end=\"1338\"><strong data-start=\"1213\" data-end=\"1234\">IEC \/ EN 61643-11 (<em data-start=\"1298\" data-end=\"1338\">HRN EN 61643-11)<\/em><\/strong><br data-start=\"1234\" data-end=\"1237\" \/>Ure\u0111aji za za\u0161titu od prenapona u niskonaponskim sustavima<br data-start=\"1295\" data-end=\"1298\" \/><br \/><\/p><p data-start=\"1340\" data-end=\"1455\"><strong data-start=\"1340\" data-end=\"1358\">IEC \/ EN 62208 (<em data-start=\"1418\" data-end=\"1455\">HRN EN 62208)<\/em><\/strong><br data-start=\"1358\" data-end=\"1361\" \/>Prazna ku\u0107i\u0161ta za niskonaponsku sklopnu opremu<br data-start=\"1415\" data-end=\"1418\" \/><br \/><\/p><p data-start=\"1457\" data-end=\"1676\">Budu\u0107i da su ovi standardi uskla\u0111eni na razini europskog elektroenergetskog sustava, oprema projektirana prema <strong data-start=\"1572\" data-end=\"1675\">IEC \/ EN standardima mo\u017ee se bez ograni\u010denja koristiti u instalacijama koje su u skladu s hrvatskim HRN EN normama.<\/strong>.<\/p>\t\t\t\t\t\t\t\t<\/div>\n\t\t\t\t\t<\/div>\n\t\t\t\t<\/div>\n\t\t\t\t<\/div>","protected":false},"excerpt":{"rendered":"<p>Industrial Industrial Industrial Low-Voltage Distribution Equipment Reliable low-voltage distribution infrastructure is critical for commercial buildings, industrial facilities and energy systems. The Proteus industrial range provides robust switchgear and distribution solutions designed for demanding electrical installations. The catalogue introduces a selection of LV switchboards, MCCB panelboards, three-phase distribution boards, protection devices and industrial enclosures used for [&hellip;]<\/p>\n","protected":false},"author":1,"featured_media":0,"parent":0,"menu_order":0,"comment_status":"closed","ping_status":"closed","template":"","meta":{"footnotes":""},"class_list":["post-723","page","type-page","status-publish","hentry"],"blocksy_meta":[],"yoast_head":"<!-- This site is optimized with the Yoast SEO plugin v27.4 - https:\/\/yoast.com\/product\/yoast-seo-wordpress\/ -->\n<title>Industrial - Ostrel Group<\/title>\n<meta name=\"robots\" content=\"index, follow, max-snippet:-1, max-image-preview:large, max-video-preview:-1\" \/>\n<link rel=\"canonical\" href=\"https:\/\/ostrelgroup.com\/hr\/industrial\/\" \/>\n<meta property=\"og:locale\" content=\"hr_HR\" \/>\n<meta property=\"og:type\" content=\"article\" \/>\n<meta property=\"og:title\" content=\"Industrial - Ostrel Group\" \/>\n<meta property=\"og:description\" content=\"Industrial Industrial Industrial Low-Voltage Distribution Equipment Reliable low-voltage distribution infrastructure is critical for commercial buildings, industrial facilities and energy systems. The Proteus industrial range provides robust switchgear and distribution solutions designed for demanding electrical installations. The catalogue introduces a selection of LV switchboards, MCCB panelboards, three-phase distribution boards, protection devices and industrial enclosures used for [&hellip;]\" \/>\n<meta property=\"og:url\" content=\"https:\/\/ostrelgroup.com\/hr\/industrial\/\" \/>\n<meta property=\"og:site_name\" content=\"Ostrel Group\" \/>\n<meta property=\"article:modified_time\" content=\"2026-03-19T16:10:12+00:00\" \/>\n<meta property=\"og:image\" content=\"https:\/\/ostrelgroup.com\/wp-content\/uploads\/2026\/03\/Switchgear-Industrial-2.png\" \/>\n\t<meta property=\"og:image:width\" content=\"1216\" \/>\n\t<meta property=\"og:image:height\" content=\"832\" \/>\n\t<meta property=\"og:image:type\" content=\"image\/png\" \/>\n<meta name=\"twitter:card\" content=\"summary_large_image\" \/>\n<script type=\"application\/ld+json\" class=\"yoast-schema-graph\">{\"@context\":\"https:\\\/\\\/schema.org\",\"@graph\":[{\"@type\":\"WebPage\",\"@id\":\"https:\\\/\\\/ostrelgroup.com\\\/industrial\\\/\",\"url\":\"https:\\\/\\\/ostrelgroup.com\\\/industrial\\\/\",\"name\":\"Industrial - Ostrel Group\",\"isPartOf\":{\"@id\":\"https:\\\/\\\/ostrelgroup.com\\\/#website\"},\"primaryImageOfPage\":{\"@id\":\"https:\\\/\\\/ostrelgroup.com\\\/industrial\\\/#primaryimage\"},\"image\":{\"@id\":\"https:\\\/\\\/ostrelgroup.com\\\/industrial\\\/#primaryimage\"},\"thumbnailUrl\":\"https:\\\/\\\/ostrelgroup.com\\\/wp-content\\\/uploads\\\/2026\\\/03\\\/Switchgear-Industrial-2-1024x701.png\",\"datePublished\":\"2026-03-07T11:14:16+00:00\",\"dateModified\":\"2026-03-19T16:10:12+00:00\",\"breadcrumb\":{\"@id\":\"https:\\\/\\\/ostrelgroup.com\\\/industrial\\\/#breadcrumb\"},\"inLanguage\":\"hr\",\"potentialAction\":[{\"@type\":\"ReadAction\",\"target\":[\"https:\\\/\\\/ostrelgroup.com\\\/industrial\\\/\"]}]},{\"@type\":\"ImageObject\",\"inLanguage\":\"hr\",\"@id\":\"https:\\\/\\\/ostrelgroup.com\\\/industrial\\\/#primaryimage\",\"url\":\"https:\\\/\\\/ostrelgroup.com\\\/wp-content\\\/uploads\\\/2026\\\/03\\\/Switchgear-Industrial-2-1024x701.png\",\"contentUrl\":\"https:\\\/\\\/ostrelgroup.com\\\/wp-content\\\/uploads\\\/2026\\\/03\\\/Switchgear-Industrial-2-1024x701.png\"},{\"@type\":\"BreadcrumbList\",\"@id\":\"https:\\\/\\\/ostrelgroup.com\\\/industrial\\\/#breadcrumb\",\"itemListElement\":[{\"@type\":\"ListItem\",\"position\":1,\"name\":\"Home\",\"item\":\"https:\\\/\\\/ostrelgroup.com\\\/\"},{\"@type\":\"ListItem\",\"position\":2,\"name\":\"Industrial\"}]},{\"@type\":\"WebSite\",\"@id\":\"https:\\\/\\\/ostrelgroup.com\\\/#website\",\"url\":\"https:\\\/\\\/ostrelgroup.com\\\/\",\"name\":\"Ostrel Group\",\"description\":\"Your Supply Partner\",\"publisher\":{\"@id\":\"https:\\\/\\\/ostrelgroup.com\\\/#organization\"},\"potentialAction\":[{\"@type\":\"SearchAction\",\"target\":{\"@type\":\"EntryPoint\",\"urlTemplate\":\"https:\\\/\\\/ostrelgroup.com\\\/?s={search_term_string}\"},\"query-input\":{\"@type\":\"PropertyValueSpecification\",\"valueRequired\":true,\"valueName\":\"search_term_string\"}}],\"inLanguage\":\"hr\"},{\"@type\":\"Organization\",\"@id\":\"https:\\\/\\\/ostrelgroup.com\\\/#organization\",\"name\":\"Ostrel Group\",\"url\":\"https:\\\/\\\/ostrelgroup.com\\\/\",\"logo\":{\"@type\":\"ImageObject\",\"inLanguage\":\"hr\",\"@id\":\"https:\\\/\\\/ostrelgroup.com\\\/#\\\/schema\\\/logo\\\/image\\\/\",\"url\":\"https:\\\/\\\/ostrelgroup.com\\\/wp-content\\\/uploads\\\/2025\\\/11\\\/Ostrel-Group-Logo-master.jpg\",\"contentUrl\":\"https:\\\/\\\/ostrelgroup.com\\\/wp-content\\\/uploads\\\/2025\\\/11\\\/Ostrel-Group-Logo-master.jpg\",\"width\":950,\"height\":552,\"caption\":\"Ostrel Group\"},\"image\":{\"@id\":\"https:\\\/\\\/ostrelgroup.com\\\/#\\\/schema\\\/logo\\\/image\\\/\"}}]}<\/script>\n<!-- \/ Yoast SEO plugin. -->","yoast_head_json":{"title":"Industrial - Ostrel Group","robots":{"index":"index","follow":"follow","max-snippet":"max-snippet:-1","max-image-preview":"max-image-preview:large","max-video-preview":"max-video-preview:-1"},"canonical":"https:\/\/ostrelgroup.com\/hr\/industrial\/","og_locale":"hr_HR","og_type":"article","og_title":"Industrial - Ostrel Group","og_description":"Industrial Industrial Industrial Low-Voltage Distribution Equipment Reliable low-voltage distribution infrastructure is critical for commercial buildings, industrial facilities and energy systems. The Proteus industrial range provides robust switchgear and distribution solutions designed for demanding electrical installations. The catalogue introduces a selection of LV switchboards, MCCB panelboards, three-phase distribution boards, protection devices and industrial enclosures used for [&hellip;]","og_url":"https:\/\/ostrelgroup.com\/hr\/industrial\/","og_site_name":"Ostrel Group","article_modified_time":"2026-03-19T16:10:12+00:00","og_image":[{"width":1216,"height":832,"url":"https:\/\/ostrelgroup.com\/wp-content\/uploads\/2026\/03\/Switchgear-Industrial-2.png","type":"image\/png"}],"twitter_card":"summary_large_image","schema":{"@context":"https:\/\/schema.org","@graph":[{"@type":"WebPage","@id":"https:\/\/ostrelgroup.com\/industrial\/","url":"https:\/\/ostrelgroup.com\/industrial\/","name":"Industrial - Ostrel Group","isPartOf":{"@id":"https:\/\/ostrelgroup.com\/#website"},"primaryImageOfPage":{"@id":"https:\/\/ostrelgroup.com\/industrial\/#primaryimage"},"image":{"@id":"https:\/\/ostrelgroup.com\/industrial\/#primaryimage"},"thumbnailUrl":"https:\/\/ostrelgroup.com\/wp-content\/uploads\/2026\/03\/Switchgear-Industrial-2-1024x701.png","datePublished":"2026-03-07T11:14:16+00:00","dateModified":"2026-03-19T16:10:12+00:00","breadcrumb":{"@id":"https:\/\/ostrelgroup.com\/industrial\/#breadcrumb"},"inLanguage":"hr","potentialAction":[{"@type":"ReadAction","target":["https:\/\/ostrelgroup.com\/industrial\/"]}]},{"@type":"ImageObject","inLanguage":"hr","@id":"https:\/\/ostrelgroup.com\/industrial\/#primaryimage","url":"https:\/\/ostrelgroup.com\/wp-content\/uploads\/2026\/03\/Switchgear-Industrial-2-1024x701.png","contentUrl":"https:\/\/ostrelgroup.com\/wp-content\/uploads\/2026\/03\/Switchgear-Industrial-2-1024x701.png"},{"@type":"BreadcrumbList","@id":"https:\/\/ostrelgroup.com\/industrial\/#breadcrumb","itemListElement":[{"@type":"ListItem","position":1,"name":"Home","item":"https:\/\/ostrelgroup.com\/"},{"@type":"ListItem","position":2,"name":"Industrial"}]},{"@type":"WebSite","@id":"https:\/\/ostrelgroup.com\/#website","url":"https:\/\/ostrelgroup.com\/","name":"Ostrel grupa","description":"Your Supply Partner","publisher":{"@id":"https:\/\/ostrelgroup.com\/#organization"},"potentialAction":[{"@type":"SearchAction","target":{"@type":"EntryPoint","urlTemplate":"https:\/\/ostrelgroup.com\/?s={search_term_string}"},"query-input":{"@type":"PropertyValueSpecification","valueRequired":true,"valueName":"search_term_string"}}],"inLanguage":"hr"},{"@type":"Organization","@id":"https:\/\/ostrelgroup.com\/#organization","name":"Ostrel grupa","url":"https:\/\/ostrelgroup.com\/","logo":{"@type":"ImageObject","inLanguage":"hr","@id":"https:\/\/ostrelgroup.com\/#\/schema\/logo\/image\/","url":"https:\/\/ostrelgroup.com\/wp-content\/uploads\/2025\/11\/Ostrel-Group-Logo-master.jpg","contentUrl":"https:\/\/ostrelgroup.com\/wp-content\/uploads\/2025\/11\/Ostrel-Group-Logo-master.jpg","width":950,"height":552,"caption":"Ostrel Group"},"image":{"@id":"https:\/\/ostrelgroup.com\/#\/schema\/logo\/image\/"}}]}},"_links":{"self":[{"href":"https:\/\/ostrelgroup.com\/hr\/wp-json\/wp\/v2\/pages\/723","targetHints":{"allow":["GET"]}}],"collection":[{"href":"https:\/\/ostrelgroup.com\/hr\/wp-json\/wp\/v2\/pages"}],"about":[{"href":"https:\/\/ostrelgroup.com\/hr\/wp-json\/wp\/v2\/types\/page"}],"author":[{"embeddable":true,"href":"https:\/\/ostrelgroup.com\/hr\/wp-json\/wp\/v2\/users\/1"}],"replies":[{"embeddable":true,"href":"https:\/\/ostrelgroup.com\/hr\/wp-json\/wp\/v2\/comments?post=723"}],"version-history":[{"count":5,"href":"https:\/\/ostrelgroup.com\/hr\/wp-json\/wp\/v2\/pages\/723\/revisions"}],"predecessor-version":[{"id":1003,"href":"https:\/\/ostrelgroup.com\/hr\/wp-json\/wp\/v2\/pages\/723\/revisions\/1003"}],"wp:attachment":[{"href":"https:\/\/ostrelgroup.com\/hr\/wp-json\/wp\/v2\/media?parent=723"}],"curies":[{"name":"wp","href":"https:\/\/api.w.org\/{rel}","templated":true}]}}