{"id":1008,"date":"2026-03-25T14:14:29","date_gmt":"2026-03-25T14:14:29","guid":{"rendered":"https:\/\/ostrelgroup.com\/?page_id=1008"},"modified":"2026-03-25T14:42:02","modified_gmt":"2026-03-25T14:42:02","slug":"about-us","status":"publish","type":"page","link":"https:\/\/ostrelgroup.com\/hr\/about-us\/","title":{"rendered":"O nama"},"content":{"rendered":"<div data-elementor-type=\"wp-page\" data-elementor-id=\"1008\" class=\"elementor elementor-1008\">\n\t\t\t\t<div class=\"elementor-element elementor-element-68ced5e1 animated-slow e-flex e-con-boxed e-con e-parent\" data-id=\"68ced5e1\" data-element_type=\"container\" data-e-type=\"container\" data-settings=\"{&quot;background_background&quot;:&quot;gradient&quot;,&quot;animation&quot;:&quot;none&quot;,&quot;animation_delay&quot;:6}\">\n\t\t\t\t\t<div class=\"e-con-inner\">\n\t\t<div class=\"elementor-element elementor-element-5159f6dd e-con-full e-flex e-con e-child\" data-id=\"5159f6dd\" data-element_type=\"container\" data-e-type=\"container\">\n\t\t\t\t<div class=\"elementor-element elementor-element-3ab647a3 elementor-widget elementor-widget-heading\" data-id=\"3ab647a3\" data-element_type=\"widget\" data-e-type=\"widget\" data-widget_type=\"heading.default\">\n\t\t\t\t\t<h2 class=\"elementor-heading-title elementor-size-default\">O nama<\/h2>\t\t\t\t<\/div>\n\t\t\t\t<\/div>\n\t\t<div class=\"elementor-element elementor-element-65d08ceb e-con-full e-flex e-con e-child\" data-id=\"65d08ceb\" data-element_type=\"container\" data-e-type=\"container\">\n\t\t\t\t<div class=\"elementor-element elementor-element-642a7d02 elementor-widget__width-initial elementor-widget elementor-widget-image\" data-id=\"642a7d02\" data-element_type=\"widget\" data-e-type=\"widget\" data-widget_type=\"image.default\">\n\t\t\t\t\t\t\t\t\t\t\t\t\t\t\t<img fetchpriority=\"high\" decoding=\"async\" width=\"1024\" height=\"701\" src=\"https:\/\/ostrelgroup.com\/wp-content\/uploads\/2026\/03\/About-us-image-2-low-1024x701.jpg\" class=\"attachment-large size-large wp-image-1010\" alt=\"\" srcset=\"https:\/\/ostrelgroup.com\/wp-content\/uploads\/2026\/03\/About-us-image-2-low-1024x701.jpg 1024w, https:\/\/ostrelgroup.com\/wp-content\/uploads\/2026\/03\/About-us-image-2-low-300x205.jpg 300w, https:\/\/ostrelgroup.com\/wp-content\/uploads\/2026\/03\/About-us-image-2-low-768x525.jpg 768w, https:\/\/ostrelgroup.com\/wp-content\/uploads\/2026\/03\/About-us-image-2-low-18x12.jpg 18w, https:\/\/ostrelgroup.com\/wp-content\/uploads\/2026\/03\/About-us-image-2-low.jpg 1216w\" sizes=\"(max-width: 1024px) 100vw, 1024px\" \/>\t\t\t\t\t\t\t\t\t\t\t\t\t\t\t<\/div>\n\t\t\t\t<\/div>\n\t\t\t\t\t<\/div>\n\t\t\t\t<\/div>\n\t\t<div class=\"elementor-element elementor-element-qzcUJ8m e-flex e-con-boxed e-con e-parent\" data-id=\"qzcUJ8m\" data-element_type=\"container\" data-e-type=\"container\">\n\t\t\t\t\t<div class=\"e-con-inner\">\n\t\t<div class=\"elementor-element elementor-element-QmF3Beg e-con-full e-flex e-con e-child\" data-id=\"QmF3Beg\" data-element_type=\"container\" data-e-type=\"container\">\n\t\t\t\t<div class=\"elementor-element elementor-element-30aAzGU elementor-widget elementor-widget-heading\" data-id=\"30aAzGU\" data-element_type=\"widget\" data-e-type=\"widget\" data-widget_type=\"heading.default\">\n\t\t\t\t\t<h5 class=\"elementor-heading-title elementor-size-default\">Na\u0161a misija<\/h5>\t\t\t\t<\/div>\n\t\t\t\t<div class=\"elementor-element elementor-element-IYPtPXE elementor-widget elementor-widget-heading\" data-id=\"IYPtPXE\" data-element_type=\"widget\" data-e-type=\"widget\" data-widget_type=\"heading.default\">\n\t\t\t\t\t<h2 class=\"elementor-heading-title elementor-size-default\">Pouzdana opskrba kroz jasne principe rada<\/h2>\t\t\t\t<\/div>\n\t\t\t\t<\/div>\n\t\t<div class=\"elementor-element elementor-element-apqWKbL e-con-full e-flex e-con e-child\" data-id=\"apqWKbL\" data-element_type=\"container\" data-e-type=\"container\">\n\t\t\t\t<div class=\"elementor-element elementor-element-Ccnm8Gk elementor-widget elementor-widget-text-editor\" data-id=\"Ccnm8Gk\" data-element_type=\"widget\" data-e-type=\"widget\" data-widget_type=\"text-editor.default\">\n\t\t\t\t\t\t\t\t\t<p>U Ostrel Grupi poslovanje temeljimo na jasno definiranim vrijednostima, pouzdanosti, integritetu i tehni\u010dkoj dosljednosti.\n\nFokusirani smo na dugoro\u010dne odnose s kupcima, uz isporuku kvalitetne opreme, pouzdanu komunikaciju i stru\u010dnu podr\u0161ku.\n\nNa\u0161 cilj nije samo isporu\u010diti proizvod, nego osigurati rje\u0161enje koje odgovara stvarnim zahtjevima projekta.<\/p>\t\t\t\t\t\t\t\t<\/div>\n\t\t\t\t<div class=\"elementor-element elementor-element-kMaKoP2 elementor-icon-list--layout-traditional elementor-list-item-link-full_width elementor-widget elementor-widget-icon-list\" data-id=\"kMaKoP2\" data-element_type=\"widget\" data-e-type=\"widget\" data-widget_type=\"icon-list.default\">\n\t\t\t\t\t\t\t<ul class=\"elementor-icon-list-items\">\n\t\t\t\t\t\t\t<li class=\"elementor-icon-list-item\">\n\t\t\t\t\t\t\t\t\t\t\t<span class=\"elementor-icon-list-icon\">\n\t\t\t\t\t\t\t<svg aria-hidden=\"true\" class=\"e-font-icon-svg e-fas-circle\" viewbox=\"0 0 512 512\" xmlns=\"http:\/\/www.w3.org\/2000\/svg\"><path d=\"M256 8C119 8 8 119 8 256s111 248 248 248 248-111 248-248S393 8 256 8z\"><\/path><\/svg>\t\t\t\t\t\t<\/span>\n\t\t\t\t\t\t\t\t\t\t<span class=\"elementor-icon-list-text\">Pouzdanost - ispunjavamo dogovoreno i po\u0161tujemo rokove<\/span>\n\t\t\t\t\t\t\t\t\t<\/li>\n\t\t\t\t\t\t\t\t<li class=\"elementor-icon-list-item\">\n\t\t\t\t\t\t\t\t\t\t\t<span class=\"elementor-icon-list-icon\">\n\t\t\t\t\t\t\t<svg aria-hidden=\"true\" class=\"e-font-icon-svg e-fas-circle\" viewbox=\"0 0 512 512\" xmlns=\"http:\/\/www.w3.org\/2000\/svg\"><path d=\"M256 8C119 8 8 119 8 256s111 248 248 248 248-111 248-248S393 8 256 8z\"><\/path><\/svg>\t\t\t\t\t\t<\/span>\n\t\t\t\t\t\t\t\t\t\t<span class=\"elementor-icon-list-text\">Integritet - poslujemo transparentno i odgovorno<\/span>\n\t\t\t\t\t\t\t\t\t<\/li>\n\t\t\t\t\t\t\t\t<li class=\"elementor-icon-list-item\">\n\t\t\t\t\t\t\t\t\t\t\t<span class=\"elementor-icon-list-icon\">\n\t\t\t\t\t\t\t<svg aria-hidden=\"true\" class=\"e-font-icon-svg e-fas-circle\" viewbox=\"0 0 512 512\" xmlns=\"http:\/\/www.w3.org\/2000\/svg\"><path d=\"M256 8C119 8 8 119 8 256s111 248 248 248 248-111 248-248S393 8 256 8z\"><\/path><\/svg>\t\t\t\t\t\t<\/span>\n\t\t\t\t\t\t\t\t\t\t<span class=\"elementor-icon-list-text\">Kontinuirano unapre\u0111enje - unapre\u0111ujemo ponudu i na\u010din rada kroz iskustvo i tr\u017ei\u0161ne zahtjeve<\/span>\n\t\t\t\t\t\t\t\t\t<\/li>\n\t\t\t\t\t\t<\/ul>\n\t\t\t\t\t\t<\/div>\n\t\t\t\t<\/div>\n\t\t\t\t\t<\/div>\n\t\t\t\t<\/div>\n\t\t<div class=\"elementor-element elementor-element-8dnqMQn e-flex e-con-boxed e-con e-parent\" data-id=\"8dnqMQn\" data-element_type=\"container\" data-e-type=\"container\">\n\t\t\t\t\t<div class=\"e-con-inner\">\n\t\t\t\t<div class=\"elementor-element elementor-element-7GB6vsH elementor-widget elementor-widget-heading\" data-id=\"7GB6vsH\" data-element_type=\"widget\" data-e-type=\"widget\" data-widget_type=\"heading.default\">\n\t\t\t\t\t<h4 class=\"elementor-heading-title elementor-size-default\">Suradnja s nama<\/h4>\t\t\t\t<\/div>\n\t\t<div class=\"elementor-element elementor-element-k8nRQU2 e-flex e-con-boxed e-con e-child\" data-id=\"k8nRQU2\" data-element_type=\"container\" data-e-type=\"container\">\n\t\t\t\t\t<div class=\"e-con-inner\">\n\t\t<div class=\"elementor-element elementor-element-4HPDhEu e-flex e-con-boxed e-con e-child\" data-id=\"4HPDhEu\" data-element_type=\"container\" data-e-type=\"container\">\n\t\t\t\t\t<div class=\"e-con-inner\">\n\t\t\t\t<div class=\"elementor-element elementor-element-78wy6oH elementor-widget elementor-widget-heading\" data-id=\"78wy6oH\" data-element_type=\"widget\" data-e-type=\"widget\" data-widget_type=\"heading.default\">\n\t\t\t\t\t<h4 class=\"elementor-heading-title elementor-size-default\">Na\u0161a ponuda<\/h4>\t\t\t\t<\/div>\n\t\t\t\t<div class=\"elementor-element elementor-element-yArglkM elementor-widget elementor-widget-text-editor\" data-id=\"yArglkM\" data-element_type=\"widget\" data-e-type=\"widget\" data-widget_type=\"text-editor.default\">\n\t\t\t\t\t\t\t\t\t<p>Ostrel Grupa opskrbljuje hrvatsko tr\u017ei\u0161te proizvodima proizvo\u0111a\u010da Proteus Switchgear, nude\u0107i niskonaponsku opremu za distribuciju elektri\u010dne energije proizvedenu u Ujedinjenom Kraljevstvu, u skladu s IEC \/ EN standardima i tr\u017ei\u0161no konkurentnu.<\/p>\t\t\t\t\t\t\t\t<\/div>\n\t\t\t\t\t<\/div>\n\t\t\t\t<\/div>\n\t\t<div class=\"elementor-element elementor-element-XRchq1I e-flex e-con-boxed e-con e-child\" data-id=\"XRchq1I\" data-element_type=\"container\" data-e-type=\"container\">\n\t\t\t\t\t<div class=\"e-con-inner\">\n\t\t\t\t<div class=\"elementor-element elementor-element-8LeBOX3 elementor-widget elementor-widget-heading\" data-id=\"8LeBOX3\" data-element_type=\"widget\" data-e-type=\"widget\" data-widget_type=\"heading.default\">\n\t\t\t\t\t<h4 class=\"elementor-heading-title elementor-size-default\">Na\u0161i kupci<\/h4>\t\t\t\t<\/div>\n\t\t\t\t<div class=\"elementor-element elementor-element-ReF29Zd elementor-widget elementor-widget-text-editor\" data-id=\"ReF29Zd\" data-element_type=\"widget\" data-e-type=\"widget\" data-widget_type=\"text-editor.default\">\n\t\t\t\t\t\t\t\t\t<p>Opskrbljujemo veleprodaje, izvo\u0111a\u010de, instalatere i proizvo\u0111a\u010de sustava \u2013 kako standardnim proizvodima, tako i opremom za projekte prema specifikaciji. Od pojedina\u010dnih isporuka do kompletnih projektnih zahtjeva, pokrivamo cijeli raspon proizvoda unutar iste platforme.<\/p><p>Opskrba je dostupna isklju\u010divo registriranim poslovnim subjektima.<\/p>\t\t\t\t\t\t\t\t<\/div>\n\t\t\t\t\t<\/div>\n\t\t\t\t<\/div>\n\t\t\t\t\t<\/div>\n\t\t\t\t<\/div>\n\t\t<div class=\"elementor-element elementor-element-fk0QMwy e-flex e-con-boxed e-con e-child\" data-id=\"fk0QMwy\" data-element_type=\"container\" data-e-type=\"container\">\n\t\t\t\t\t<div class=\"e-con-inner\">\n\t\t<div class=\"elementor-element elementor-element-Np875lQ e-flex e-con-boxed e-con e-child\" data-id=\"Np875lQ\" data-element_type=\"container\" data-e-type=\"container\">\n\t\t\t\t\t<div class=\"e-con-inner\">\n\t\t\t\t<div class=\"elementor-element elementor-element-4SmAos8 elementor-widget elementor-widget-heading\" data-id=\"4SmAos8\" data-element_type=\"widget\" data-e-type=\"widget\" data-widget_type=\"heading.default\">\n\t\t\t\t\t<h4 class=\"elementor-heading-title elementor-size-default\">Proizvodi Proteus Switchgear<\/h4>\t\t\t\t<\/div>\n\t\t\t\t<div class=\"elementor-element elementor-element-tobtbUq elementor-widget elementor-widget-text-editor\" data-id=\"tobtbUq\" data-element_type=\"widget\" data-e-type=\"widget\" data-widget_type=\"text-editor.default\">\n\t\t\t\t\t\t\t\t\t<p data-start=\"585\" data-end=\"827\">Proteus Switchgear je etablirani proizvo\u0111a\u010d iz UK koji pokriva cijeli lanac niskonaponske distribucije, od glavnog napajanja do krajnjih strujnih krugova.\n\nAsortiman uklju\u010duje sklopnu opremu, razvodne ormare, razvodne plo\u010de i za\u0161titne ure\u0111aje.<\/p><p data-start=\"829\" data-end=\"955\">S vi\u0161e od 30 godina iskustva, Proteus proizvodi tehni\u010dki pouzdanu opremu s dosljednim performansama u radu.<\/p>\t\t\t\t\t\t\t\t<\/div>\n\t\t\t\t\t<\/div>\n\t\t\t\t<\/div>\n\t\t<div class=\"elementor-element elementor-element-AEwusii e-flex e-con-boxed e-con e-child\" data-id=\"AEwusii\" data-element_type=\"container\" data-e-type=\"container\">\n\t\t\t\t\t<div class=\"e-con-inner\">\n\t\t\t\t<div class=\"elementor-element elementor-element-Olk1huy elementor-widget elementor-widget-heading\" data-id=\"Olk1huy\" data-element_type=\"widget\" data-e-type=\"widget\" data-widget_type=\"heading.default\">\n\t\t\t\t\t<h4 class=\"elementor-heading-title elementor-size-default\">Mo\u017eete li podr\u017eati projekte?<\/h4>\t\t\t\t<\/div>\n\t\t\t\t<div class=\"elementor-element elementor-element-y4IT3fj elementor-widget elementor-widget-text-editor\" data-id=\"y4IT3fj\" data-element_type=\"widget\" data-e-type=\"widget\" data-widget_type=\"text-editor.default\">\n\t\t\t\t\t\t\t\t\t<p>Da. Kontaktirajte nas s projektnim zahtjevima i zajedno \u0107emo definirati optimalno rje\u0161enje.<\/p>\t\t\t\t\t\t\t\t<\/div>\n\t\t\t\t<div class=\"elementor-element elementor-element-Hq45PjR elementor-widget elementor-widget-heading\" data-id=\"Hq45PjR\" data-element_type=\"widget\" data-e-type=\"widget\" data-widget_type=\"heading.default\">\n\t\t\t\t\t<h4 class=\"elementor-heading-title elementor-size-default\">Nudite li tehni\u010dku podr\u0161ku?<\/h4>\t\t\t\t<\/div>\n\t\t\t\t<div class=\"elementor-element elementor-element-ax8ZS3k elementor-widget elementor-widget-text-editor\" data-id=\"ax8ZS3k\" data-element_type=\"widget\" data-e-type=\"widget\" data-widget_type=\"text-editor.default\">\n\t\t\t\t\t\t\t\t\t<p>Da. Pru\u017eamo tehni\u010dku podr\u0161ku tijekom cijelog procesa od odabira opreme do realizacije projekta.<\/p>\t\t\t\t\t\t\t\t<\/div>\n\t\t\t\t\t<\/div>\n\t\t\t\t<\/div>\n\t\t\t\t\t<\/div>\n\t\t\t\t<\/div>\n\t\t<div class=\"elementor-element elementor-element-W7UwHf1 e-flex e-con-boxed e-con e-child\" data-id=\"W7UwHf1\" data-element_type=\"container\" data-e-type=\"container\">\n\t\t\t\t\t<div class=\"e-con-inner\">\n\t\t<div class=\"elementor-element elementor-element-OjlRSyF e-flex e-con-boxed e-con e-child\" data-id=\"OjlRSyF\" data-element_type=\"container\" data-e-type=\"container\">\n\t\t\t\t\t<div class=\"e-con-inner\">\n\t\t\t\t<div class=\"elementor-element elementor-element-yxgVSWK elementor-widget elementor-widget-heading\" data-id=\"yxgVSWK\" data-element_type=\"widget\" data-e-type=\"widget\" data-widget_type=\"heading.default\">\n\t\t\t\t\t<h4 class=\"elementor-heading-title elementor-size-default\">UK vi\u0161e nije u EU. Kako funkcionira nabava?<\/h4>\t\t\t\t<\/div>\n\t\t\t\t<div class=\"elementor-element elementor-element-QFx3bWI elementor-widget elementor-widget-text-editor\" data-id=\"QFx3bWI\" data-element_type=\"widget\" data-e-type=\"widget\" data-widget_type=\"text-editor.default\">\n\t\t\t\t\t\t\t\t\t<p data-start=\"225\" data-end=\"339\">Organiziramo izvoz robe iz Ujedinjenog Kraljevstva u Hrvatsku, uklju\u010duju\u0107i logistiku i svu potrebnu izvoznu dokumentaciju.<\/p><p data-start=\"341\" data-end=\"575\">Proizvodi se proizvode u UK i isporu\u010duju kroz standardne transportne i carinske postupke. Ovisno o ugovorenim paritetima isporuke (npr. DAP ili EXW), mo\u017eemo organizirati dostavu na va\u0161u lokaciju ili isporuku va\u0161em odabranom \u0161pediteru.<\/p><p data-start=\"577\" data-end=\"627\">Kao uvozniku, bit \u0107e vam potreban EORI broj. <strong data-start=\"611\" data-end=\"626\">EORI number<\/strong>.<\/p><p data-start=\"629\" data-end=\"926\">EORI je identifikacijski broj koji koriste carinska tijela EU za obradu uvoza i obvezan je za carinjenje robe u Hrvatskoj. Ve\u0107ina tvrtki koje se bave uvozom ve\u0107 ga posjeduje; u suprotnom, izdaje ga hrvatska carinska uprava.<\/p><p data-start=\"928\" data-end=\"1101\">A <strong data-start=\"930\" data-end=\"959\">\u0160pediter (carinski zastupnik) -<\/strong> Za uvoz se u pravilu koristi \u0161pediter koji obavlja carinsku prijavu i postupak carinjenja u Hrvatskoj. Mo\u017eete koristiti svog postoje\u0107eg \u0161peditera ili mo\u017eemo koordinirati proces s partnerom.<\/p><p data-start=\"1103\" data-end=\"1329\">Kako su proizvodi proizvedeni u Ujedinjenom Kraljevstvi, smatraju se <strong data-start=\"1167\" data-end=\"1186\">robom s podrijetlom iz UK<\/strong>\u0161to zna\u010di <strong data-start=\"1196\" data-end=\"1225\">da se ne pla\u0107a uvozna carina<\/strong> u okviru Sporazuma o trgovini i suradnji izme\u0111u UK i EU, uz odgovaraju\u0107u dokumentaciju o podrijetlu.<\/p><p data-start=\"1331\" data-end=\"1484\"><strong data-start=\"1340\" data-end=\"1383\">PDV u Hrvatskoj se i dalje obra\u010dunava prilikom uvoza<\/strong>. Obra\u010dun i naplatu obi\u010dno provodi \u0161pediter, a PDV mo\u017ee biti odbitna stavka ovisno o va\u0161em poreznom statusu.<\/p><p data-start=\"1486\" data-end=\"1641\">S va\u0161e strane, postupak je jednostavan: mi upravljamo izvozom, a roba vam se isporu\u010duje kroz standardne logisti\u010dke i carinske kanale.<\/p>\t\t\t\t\t\t\t\t<\/div>\n\t\t\t\t\t<\/div>\n\t\t\t\t<\/div>\n\t\t\t\t\t<\/div>\n\t\t\t\t<\/div>\n\t\t\t\t\t<\/div>\n\t\t\t\t<\/div>\n\t\t\t\t<\/div>","protected":false},"excerpt":{"rendered":"<p>About Us Our Mission Empowering Success Through Core Values At Ostrel Group, we\u2019re driven by our core values. We prioritise reliability, integrity, and innovation in our work. Our goal is to build strong partnerships with clients, ensuring they get high quality service and support. We&#8217;re here to not just fulfill needs, but to surpass what [&hellip;]<\/p>\n","protected":false},"author":1,"featured_media":0,"parent":0,"menu_order":0,"comment_status":"closed","ping_status":"closed","template":"","meta":{"footnotes":""},"class_list":["post-1008","page","type-page","status-publish","hentry"],"blocksy_meta":[],"yoast_head":"<!-- This site is optimized with the Yoast SEO plugin v27.3 - https:\/\/yoast.com\/product\/yoast-seo-wordpress\/ -->\n<title>About Us - Ostrel Group<\/title>\n<meta name=\"robots\" content=\"index, follow, max-snippet:-1, max-image-preview:large, max-video-preview:-1\" \/>\n<link rel=\"canonical\" href=\"https:\/\/ostrelgroup.com\/hr\/about-us\/\" \/>\n<meta property=\"og:locale\" content=\"hr_HR\" \/>\n<meta property=\"og:type\" content=\"article\" \/>\n<meta property=\"og:title\" content=\"About Us - Ostrel Group\" \/>\n<meta property=\"og:description\" content=\"About Us Our Mission Empowering Success Through Core Values At Ostrel Group, we\u2019re driven by our core values. We prioritise reliability, integrity, and innovation in our work. Our goal is to build strong partnerships with clients, ensuring they get high quality service and support. We&#8217;re here to not just fulfill needs, but to surpass what [&hellip;]\" \/>\n<meta property=\"og:url\" content=\"https:\/\/ostrelgroup.com\/hr\/about-us\/\" \/>\n<meta property=\"og:site_name\" content=\"Ostrel Group\" \/>\n<meta property=\"article:modified_time\" content=\"2026-03-25T14:42:02+00:00\" \/>\n<meta property=\"og:image\" content=\"https:\/\/ostrelgroup.com\/wp-content\/uploads\/2026\/03\/About-us-image-2-low.jpg\" \/>\n\t<meta property=\"og:image:width\" content=\"1216\" \/>\n\t<meta property=\"og:image:height\" content=\"832\" \/>\n\t<meta property=\"og:image:type\" content=\"image\/jpeg\" \/>\n<meta name=\"twitter:card\" content=\"summary_large_image\" \/>\n<meta name=\"twitter:label1\" content=\"Procijenjeno vrijeme \u010ditanja\" \/>\n\t<meta name=\"twitter:data1\" content=\"3 minute\" \/>\n<script type=\"application\/ld+json\" class=\"yoast-schema-graph\">{\"@context\":\"https:\\\/\\\/schema.org\",\"@graph\":[{\"@type\":\"WebPage\",\"@id\":\"https:\\\/\\\/ostrelgroup.com\\\/about-us\\\/\",\"url\":\"https:\\\/\\\/ostrelgroup.com\\\/about-us\\\/\",\"name\":\"About Us - Ostrel Group\",\"isPartOf\":{\"@id\":\"https:\\\/\\\/ostrelgroup.com\\\/#website\"},\"primaryImageOfPage\":{\"@id\":\"https:\\\/\\\/ostrelgroup.com\\\/about-us\\\/#primaryimage\"},\"image\":{\"@id\":\"https:\\\/\\\/ostrelgroup.com\\\/about-us\\\/#primaryimage\"},\"thumbnailUrl\":\"https:\\\/\\\/ostrelgroup.com\\\/wp-content\\\/uploads\\\/2026\\\/03\\\/About-us-image-2-low-1024x701.jpg\",\"datePublished\":\"2026-03-25T14:14:29+00:00\",\"dateModified\":\"2026-03-25T14:42:02+00:00\",\"breadcrumb\":{\"@id\":\"https:\\\/\\\/ostrelgroup.com\\\/about-us\\\/#breadcrumb\"},\"inLanguage\":\"hr\",\"potentialAction\":[{\"@type\":\"ReadAction\",\"target\":[\"https:\\\/\\\/ostrelgroup.com\\\/about-us\\\/\"]}]},{\"@type\":\"ImageObject\",\"inLanguage\":\"hr\",\"@id\":\"https:\\\/\\\/ostrelgroup.com\\\/about-us\\\/#primaryimage\",\"url\":\"https:\\\/\\\/ostrelgroup.com\\\/wp-content\\\/uploads\\\/2026\\\/03\\\/About-us-image-2-low-1024x701.jpg\",\"contentUrl\":\"https:\\\/\\\/ostrelgroup.com\\\/wp-content\\\/uploads\\\/2026\\\/03\\\/About-us-image-2-low-1024x701.jpg\"},{\"@type\":\"BreadcrumbList\",\"@id\":\"https:\\\/\\\/ostrelgroup.com\\\/about-us\\\/#breadcrumb\",\"itemListElement\":[{\"@type\":\"ListItem\",\"position\":1,\"name\":\"Home\",\"item\":\"https:\\\/\\\/ostrelgroup.com\\\/\"},{\"@type\":\"ListItem\",\"position\":2,\"name\":\"About Us\"}]},{\"@type\":\"WebSite\",\"@id\":\"https:\\\/\\\/ostrelgroup.com\\\/#website\",\"url\":\"https:\\\/\\\/ostrelgroup.com\\\/\",\"name\":\"Ostrel Group\",\"description\":\"Your Supply Partner\",\"publisher\":{\"@id\":\"https:\\\/\\\/ostrelgroup.com\\\/#organization\"},\"potentialAction\":[{\"@type\":\"SearchAction\",\"target\":{\"@type\":\"EntryPoint\",\"urlTemplate\":\"https:\\\/\\\/ostrelgroup.com\\\/?s={search_term_string}\"},\"query-input\":{\"@type\":\"PropertyValueSpecification\",\"valueRequired\":true,\"valueName\":\"search_term_string\"}}],\"inLanguage\":\"hr\"},{\"@type\":\"Organization\",\"@id\":\"https:\\\/\\\/ostrelgroup.com\\\/#organization\",\"name\":\"Ostrel Group\",\"url\":\"https:\\\/\\\/ostrelgroup.com\\\/\",\"logo\":{\"@type\":\"ImageObject\",\"inLanguage\":\"hr\",\"@id\":\"https:\\\/\\\/ostrelgroup.com\\\/#\\\/schema\\\/logo\\\/image\\\/\",\"url\":\"https:\\\/\\\/ostrelgroup.com\\\/wp-content\\\/uploads\\\/2025\\\/11\\\/Ostrel-Group-Logo-master.jpg\",\"contentUrl\":\"https:\\\/\\\/ostrelgroup.com\\\/wp-content\\\/uploads\\\/2025\\\/11\\\/Ostrel-Group-Logo-master.jpg\",\"width\":950,\"height\":552,\"caption\":\"Ostrel Group\"},\"image\":{\"@id\":\"https:\\\/\\\/ostrelgroup.com\\\/#\\\/schema\\\/logo\\\/image\\\/\"}}]}<\/script>\n<!-- \/ Yoast SEO plugin. -->","yoast_head_json":{"title":"About Us - Ostrel Group","robots":{"index":"index","follow":"follow","max-snippet":"max-snippet:-1","max-image-preview":"max-image-preview:large","max-video-preview":"max-video-preview:-1"},"canonical":"https:\/\/ostrelgroup.com\/hr\/about-us\/","og_locale":"hr_HR","og_type":"article","og_title":"About Us - Ostrel Group","og_description":"About Us Our Mission Empowering Success Through Core Values At Ostrel Group, we\u2019re driven by our core values. We prioritise reliability, integrity, and innovation in our work. Our goal is to build strong partnerships with clients, ensuring they get high quality service and support. We&#8217;re here to not just fulfill needs, but to surpass what [&hellip;]","og_url":"https:\/\/ostrelgroup.com\/hr\/about-us\/","og_site_name":"Ostrel Group","article_modified_time":"2026-03-25T14:42:02+00:00","og_image":[{"width":1216,"height":832,"url":"https:\/\/ostrelgroup.com\/wp-content\/uploads\/2026\/03\/About-us-image-2-low.jpg","type":"image\/jpeg"}],"twitter_card":"summary_large_image","twitter_misc":{"Procijenjeno vrijeme \u010ditanja":"3 minute"},"schema":{"@context":"https:\/\/schema.org","@graph":[{"@type":"WebPage","@id":"https:\/\/ostrelgroup.com\/about-us\/","url":"https:\/\/ostrelgroup.com\/about-us\/","name":"About Us - Ostrel Group","isPartOf":{"@id":"https:\/\/ostrelgroup.com\/#website"},"primaryImageOfPage":{"@id":"https:\/\/ostrelgroup.com\/about-us\/#primaryimage"},"image":{"@id":"https:\/\/ostrelgroup.com\/about-us\/#primaryimage"},"thumbnailUrl":"https:\/\/ostrelgroup.com\/wp-content\/uploads\/2026\/03\/About-us-image-2-low-1024x701.jpg","datePublished":"2026-03-25T14:14:29+00:00","dateModified":"2026-03-25T14:42:02+00:00","breadcrumb":{"@id":"https:\/\/ostrelgroup.com\/about-us\/#breadcrumb"},"inLanguage":"hr","potentialAction":[{"@type":"ReadAction","target":["https:\/\/ostrelgroup.com\/about-us\/"]}]},{"@type":"ImageObject","inLanguage":"hr","@id":"https:\/\/ostrelgroup.com\/about-us\/#primaryimage","url":"https:\/\/ostrelgroup.com\/wp-content\/uploads\/2026\/03\/About-us-image-2-low-1024x701.jpg","contentUrl":"https:\/\/ostrelgroup.com\/wp-content\/uploads\/2026\/03\/About-us-image-2-low-1024x701.jpg"},{"@type":"BreadcrumbList","@id":"https:\/\/ostrelgroup.com\/about-us\/#breadcrumb","itemListElement":[{"@type":"ListItem","position":1,"name":"Home","item":"https:\/\/ostrelgroup.com\/"},{"@type":"ListItem","position":2,"name":"About Us"}]},{"@type":"WebSite","@id":"https:\/\/ostrelgroup.com\/#website","url":"https:\/\/ostrelgroup.com\/","name":"Ostrel grupa","description":"Your Supply Partner","publisher":{"@id":"https:\/\/ostrelgroup.com\/#organization"},"potentialAction":[{"@type":"SearchAction","target":{"@type":"EntryPoint","urlTemplate":"https:\/\/ostrelgroup.com\/?s={search_term_string}"},"query-input":{"@type":"PropertyValueSpecification","valueRequired":true,"valueName":"search_term_string"}}],"inLanguage":"hr"},{"@type":"Organization","@id":"https:\/\/ostrelgroup.com\/#organization","name":"Ostrel grupa","url":"https:\/\/ostrelgroup.com\/","logo":{"@type":"ImageObject","inLanguage":"hr","@id":"https:\/\/ostrelgroup.com\/#\/schema\/logo\/image\/","url":"https:\/\/ostrelgroup.com\/wp-content\/uploads\/2025\/11\/Ostrel-Group-Logo-master.jpg","contentUrl":"https:\/\/ostrelgroup.com\/wp-content\/uploads\/2025\/11\/Ostrel-Group-Logo-master.jpg","width":950,"height":552,"caption":"Ostrel Group"},"image":{"@id":"https:\/\/ostrelgroup.com\/#\/schema\/logo\/image\/"}}]}},"_links":{"self":[{"href":"https:\/\/ostrelgroup.com\/hr\/wp-json\/wp\/v2\/pages\/1008","targetHints":{"allow":["GET"]}}],"collection":[{"href":"https:\/\/ostrelgroup.com\/hr\/wp-json\/wp\/v2\/pages"}],"about":[{"href":"https:\/\/ostrelgroup.com\/hr\/wp-json\/wp\/v2\/types\/page"}],"author":[{"embeddable":true,"href":"https:\/\/ostrelgroup.com\/hr\/wp-json\/wp\/v2\/users\/1"}],"replies":[{"embeddable":true,"href":"https:\/\/ostrelgroup.com\/hr\/wp-json\/wp\/v2\/comments?post=1008"}],"version-history":[{"count":5,"href":"https:\/\/ostrelgroup.com\/hr\/wp-json\/wp\/v2\/pages\/1008\/revisions"}],"predecessor-version":[{"id":1031,"href":"https:\/\/ostrelgroup.com\/hr\/wp-json\/wp\/v2\/pages\/1008\/revisions\/1031"}],"wp:attachment":[{"href":"https:\/\/ostrelgroup.com\/hr\/wp-json\/wp\/v2\/media?parent=1008"}],"curies":[{"name":"wp","href":"https:\/\/api.w.org\/{rel}","templated":true}]}}